{"id":1597390,"date":"2025-11-17T21:50:43","date_gmt":"2025-11-17T20:50:43","guid":{"rendered":"http:\/\/www.karate-neuhofen.at\/?page_id=1597390"},"modified":"2026-02-03T21:05:06","modified_gmt":"2026-02-03T20:05:06","slug":"christina-rosenberger","status":"publish","type":"page","link":"http:\/\/www.karate-neuhofen.at\/?page_id=1597390","title":{"rendered":"Christina Rosenberger"},"content":{"rendered":"<h1>Christina Rosenberger<\/h1>\n\n\n<div class=\"ngg-galleryoverview ngg-slideshow\"\n\t id=\"ngg-slideshow-f2847efd8c5ab6f81ece402ea3693beb-9679555990\"\n     data-gallery-id=\"f2847efd8c5ab6f81ece402ea3693beb\"\n     style=\"max-width: 600px; max-height: 400px;\">\n\n \t<div id=\"ngg-image-0\" class=\"ngg-gallery-slideshow-image\" style=\"height:400px\">\n\n        <a href=\"http:\/\/www.karate-neuhofen.at\/wp-content\/gallery\/chrisi\/Chrisi1.jpg\"\n           title=\"\"\n           data-src=\"http:\/\/www.karate-neuhofen.at\/wp-content\/gallery\/chrisi\/Chrisi1.jpg\"\n           data-thumbnail=\"http:\/\/www.karate-neuhofen.at\/wp-content\/gallery\/chrisi\/thumbs\/thumbs_Chrisi1.jpg\"\n           data-image-id=\"35301\"\n           data-title=\"Chrisi1\"\n           data-description=\"\"\n           class=\"shutterset_f2847efd8c5ab6f81ece402ea3693beb\">\n\n            <img data-image-id='35301'\n                 title=\"\"\n                 alt=\"Chrisi1\"\n                 src=\"http:\/\/www.karate-neuhofen.at\/wp-content\/gallery\/chrisi\/Chrisi1.jpg\"\n                 style=\"max-height: 380px;\"\/>\n        <\/a>\n\n        <\/div> \n<div id=\"ngg-image-1\" class=\"ngg-gallery-slideshow-image\" style=\"height:400px\">\n\n        <a href=\"http:\/\/www.karate-neuhofen.at\/wp-content\/gallery\/chrisi\/Chrisi2.jpg\"\n           title=\"\"\n           data-src=\"http:\/\/www.karate-neuhofen.at\/wp-content\/gallery\/chrisi\/Chrisi2.jpg\"\n           data-thumbnail=\"http:\/\/www.karate-neuhofen.at\/wp-content\/gallery\/chrisi\/thumbs\/thumbs_Chrisi2.jpg\"\n           data-image-id=\"35302\"\n           data-title=\"Chrisi2\"\n           data-description=\"\"\n           class=\"shutterset_f2847efd8c5ab6f81ece402ea3693beb\">\n\n            <img data-image-id='35302'\n                 title=\"\"\n                 alt=\"Chrisi2\"\n                 src=\"http:\/\/www.karate-neuhofen.at\/wp-content\/gallery\/chrisi\/Chrisi2.jpg\"\n                 style=\"max-height: 380px;\"\/>\n        <\/a>\n\n        <\/div> \n<\/div>\n\n\n\t\t<!-- Thumbnails Link -->\n\t<div class=\"slideshowlink\" style=\"max-width: 600px;\">\n        <a href='http:\/\/www.karate-neuhofen.at\/index.php\/nggallery\/thumbnails?page_id=1597390'>[Zeige Vorschaubilder]<\/a>\n\t<\/div>\n\n\n<p>Christina Rosenberger ist Tr\u00e4gerin des 1. Dan und trainiert seit 2009 im Verein Seibukan Neuhofen.<br \/>\nSchon als Kind und Jugendliche begeisterte sie sich besonders f\u00fcr Kumite und nahm in diesem Bereich regelm\u00e4\u00dfig an Wettk\u00e4mpfen teil.<br \/>\nDen Trainierenden im Verein m\u00f6chte sie vor allem die Freude an der Bewegung vermitteln und sie dazu ermutigen, ihre eigenen F\u00e4higkeiten mit Begeisterung und Selbstvertrauen weiterzuentwickeln.<\/p>\n","protected":false},"excerpt":{"rendered":"<p>Christina Rosenberger Christina Rosenberger ist Tr\u00e4gerin des 1. Dan und trainiert seit 2009 im Verein Seibukan Neuhofen. Schon als Kind und Jugendliche begeisterte sie sich besonders f\u00fcr Kumite und nahm in diesem Bereich regelm\u00e4\u00dfig an Wettk\u00e4mpfen teil. Den Trainierenden im Verein m\u00f6chte sie vor allem die Freude an der Bewegung vermitteln und sie dazu ermutigen, [&hellip;]<\/p>\n","protected":false},"author":3,"featured_media":0,"parent":2322,"menu_order":7,"comment_status":"closed","ping_status":"closed","template":"","meta":{"ngg_post_thumbnail":0},"_links":{"self":[{"href":"http:\/\/www.karate-neuhofen.at\/index.php?rest_route=\/wp\/v2\/pages\/1597390"}],"collection":[{"href":"http:\/\/www.karate-neuhofen.at\/index.php?rest_route=\/wp\/v2\/pages"}],"about":[{"href":"http:\/\/www.karate-neuhofen.at\/index.php?rest_route=\/wp\/v2\/types\/page"}],"author":[{"embeddable":true,"href":"http:\/\/www.karate-neuhofen.at\/index.php?rest_route=\/wp\/v2\/users\/3"}],"replies":[{"embeddable":true,"href":"http:\/\/www.karate-neuhofen.at\/index.php?rest_route=%2Fwp%2Fv2%2Fcomments&post=1597390"}],"version-history":[{"count":6,"href":"http:\/\/www.karate-neuhofen.at\/index.php?rest_route=\/wp\/v2\/pages\/1597390\/revisions"}],"predecessor-version":[{"id":1597866,"href":"http:\/\/www.karate-neuhofen.at\/index.php?rest_route=\/wp\/v2\/pages\/1597390\/revisions\/1597866"}],"up":[{"embeddable":true,"href":"http:\/\/www.karate-neuhofen.at\/index.php?rest_route=\/wp\/v2\/pages\/2322"}],"wp:attachment":[{"href":"http:\/\/www.karate-neuhofen.at\/index.php?rest_route=%2Fwp%2Fv2%2Fmedia&parent=1597390"}],"curies":[{"name":"wp","href":"https:\/\/api.w.org\/{rel}","templated":true}]}}