{"id":23,"date":"2011-12-02T15:19:24","date_gmt":"2011-12-02T14:19:24","guid":{"rendered":"http:\/\/www.karate-neuhofen.at.s04.rz1-linz.net\/?page_id=23"},"modified":"2024-08-22T08:48:25","modified_gmt":"2024-08-22T07:48:25","slug":"sei-bu-kan-neuhofen","status":"publish","type":"page","link":"http:\/\/www.karate-neuhofen.at\/?page_id=23","title":{"rendered":"Sei Bu Kan Neuhofen"},"content":{"rendered":"<h1>Der Verein Sei Bu Kan Neuhofen<\/h1>\n<p>ASK\u00d6 &#8211; KARATE &#8211; SEI BU KAN \u2013 NEUHOFEN wurde im Oktober 2008 von Christian Ramsebner unter Mithilfe von Mag. Anja Raus &nbsp;als eigene Sektion gegr\u00fcndet. Er ist heute Obmann des ASK\u00d6 Neuhofen, Karate Sektionsleiter, Trainer, ASK\u00d6 Karate Bundesreferent, Vorstandsmitglied beim O\u00d6 Karate Landesverband, Organisator des Kamikaze Karate Sommercamps und Wettkampfausrichter.<\/p>\n<p><a href=\"http:\/\/www.karate-neuhofen.at\/?attachment_id=1129\" rel=\"attachment wp-att-1129\"><img loading=\"lazy\" class=\"alignnone size-large wp-image-1129\" title=\"anja+chr\" src=\"http:\/\/www.karate-neuhofen.at\/wp-content\/uploads\/2011\/12\/anja+chr-610x407.jpg\" alt=\"\" width=\"610\" height=\"407\"\/><\/a><\/p>\n<p>&nbsp;<\/p>\n","protected":false},"excerpt":{"rendered":"<p>Der Verein Sei Bu Kan Neuhofen ASK\u00d6 &#8211; KARATE &#8211; SEI BU KAN \u2013 NEUHOFEN wurde im Oktober 2008 von Christian Ramsebner unter Mithilfe von Mag. Anja Raus &nbsp;als eigene Sektion gegr\u00fcndet. Er ist heute Obmann des ASK\u00d6 Neuhofen, Karate Sektionsleiter, Trainer, ASK\u00d6 Karate Bundesreferent, Vorstandsmitglied beim O\u00d6 Karate Landesverband, Organisator des Kamikaze Karate Sommercamps [&hellip;]<\/p>\n","protected":false},"author":1,"featured_media":0,"parent":4,"menu_order":1,"comment_status":"closed","ping_status":"closed","template":"","meta":{"ngg_post_thumbnail":0},"_links":{"self":[{"href":"http:\/\/www.karate-neuhofen.at\/index.php?rest_route=\/wp\/v2\/pages\/23"}],"collection":[{"href":"http:\/\/www.karate-neuhofen.at\/index.php?rest_route=\/wp\/v2\/pages"}],"about":[{"href":"http:\/\/www.karate-neuhofen.at\/index.php?rest_route=\/wp\/v2\/types\/page"}],"author":[{"embeddable":true,"href":"http:\/\/www.karate-neuhofen.at\/index.php?rest_route=\/wp\/v2\/users\/1"}],"replies":[{"embeddable":true,"href":"http:\/\/www.karate-neuhofen.at\/index.php?rest_route=%2Fwp%2Fv2%2Fcomments&post=23"}],"version-history":[{"count":32,"href":"http:\/\/www.karate-neuhofen.at\/index.php?rest_route=\/wp\/v2\/pages\/23\/revisions"}],"predecessor-version":[{"id":1358313,"href":"http:\/\/www.karate-neuhofen.at\/index.php?rest_route=\/wp\/v2\/pages\/23\/revisions\/1358313"}],"up":[{"embeddable":true,"href":"http:\/\/www.karate-neuhofen.at\/index.php?rest_route=\/wp\/v2\/pages\/4"}],"wp:attachment":[{"href":"http:\/\/www.karate-neuhofen.at\/index.php?rest_route=%2Fwp%2Fv2%2Fmedia&parent=23"}],"curies":[{"name":"wp","href":"https:\/\/api.w.org\/{rel}","templated":true}]}}