{"id":29358,"date":"2019-03-28T13:16:13","date_gmt":"2019-03-28T12:16:13","guid":{"rendered":"http:\/\/www.karate-neuhofen.at\/?page_id=29358"},"modified":"2025-11-23T21:05:18","modified_gmt":"2025-11-23T20:05:18","slug":"michael-kaindelstorfer","status":"publish","type":"page","link":"http:\/\/www.karate-neuhofen.at\/?page_id=29358","title":{"rendered":"Michael Kaindlstorfer"},"content":{"rendered":"<h1>Michael Kaindlstorfer<\/h1>\n\n\n<div class=\"ngg-galleryoverview ngg-slideshow\"\n\t id=\"ngg-slideshow-c9cbc082aec6f3149e13d600e2651ee1-21328987400\"\n     data-gallery-id=\"c9cbc082aec6f3149e13d600e2651ee1\"\n     style=\"max-width: 600px; max-height: 400px;\">\n\n \t<div id=\"ngg-image-0\" class=\"ngg-gallery-slideshow-image\" style=\"height:400px\">\n\n        <a href=\"http:\/\/www.karate-neuhofen.at\/wp-content\/gallery\/michael-kaindelstorfer\/20190305_SEN_0535.jpg\"\n           title=\"\"\n           data-src=\"http:\/\/www.karate-neuhofen.at\/wp-content\/gallery\/michael-kaindelstorfer\/20190305_SEN_0535.jpg\"\n           data-thumbnail=\"http:\/\/www.karate-neuhofen.at\/wp-content\/gallery\/michael-kaindelstorfer\/thumbs\/thumbs_20190305_SEN_0535.jpg\"\n           data-image-id=\"22804\"\n           data-title=\"Michael Kaindelstorfer\"\n           data-description=\"\"\n           class=\"shutterset_c9cbc082aec6f3149e13d600e2651ee1\">\n\n            <img data-image-id='22804'\n                 title=\"\"\n                 alt=\"Michael Kaindelstorfer\"\n                 src=\"http:\/\/www.karate-neuhofen.at\/wp-content\/gallery\/michael-kaindelstorfer\/20190305_SEN_0535.jpg\"\n                 style=\"max-height: 380px;\"\/>\n        <\/a>\n\n        <\/div> \n<div id=\"ngg-image-1\" class=\"ngg-gallery-slideshow-image\" style=\"height:400px\">\n\n        <a href=\"http:\/\/www.karate-neuhofen.at\/wp-content\/gallery\/michael-kaindelstorfer\/20190305_SEN_0555.jpg\"\n           title=\"\"\n           data-src=\"http:\/\/www.karate-neuhofen.at\/wp-content\/gallery\/michael-kaindelstorfer\/20190305_SEN_0555.jpg\"\n           data-thumbnail=\"http:\/\/www.karate-neuhofen.at\/wp-content\/gallery\/michael-kaindelstorfer\/thumbs\/thumbs_20190305_SEN_0555.jpg\"\n           data-image-id=\"22805\"\n           data-title=\"Michael Kaindelstorfer\"\n           data-description=\"\"\n           class=\"shutterset_c9cbc082aec6f3149e13d600e2651ee1\">\n\n            <img data-image-id='22805'\n                 title=\"\"\n                 alt=\"Michael Kaindelstorfer\"\n                 src=\"http:\/\/www.karate-neuhofen.at\/wp-content\/gallery\/michael-kaindelstorfer\/20190305_SEN_0555.jpg\"\n                 style=\"max-height: 380px;\"\/>\n        <\/a>\n\n        <\/div> \n<div id=\"ngg-image-2\" class=\"ngg-gallery-slideshow-image\" style=\"height:400px\">\n\n        <a href=\"http:\/\/www.karate-neuhofen.at\/wp-content\/gallery\/michael-kaindelstorfer\/20190305_SEN_0586.jpg\"\n           title=\"\"\n           data-src=\"http:\/\/www.karate-neuhofen.at\/wp-content\/gallery\/michael-kaindelstorfer\/20190305_SEN_0586.jpg\"\n           data-thumbnail=\"http:\/\/www.karate-neuhofen.at\/wp-content\/gallery\/michael-kaindelstorfer\/thumbs\/thumbs_20190305_SEN_0586.jpg\"\n           data-image-id=\"22806\"\n           data-title=\"Michael Kaindelstorfer\"\n           data-description=\"\"\n           class=\"shutterset_c9cbc082aec6f3149e13d600e2651ee1\">\n\n            <img data-image-id='22806'\n                 title=\"\"\n                 alt=\"Michael Kaindelstorfer\"\n                 src=\"http:\/\/www.karate-neuhofen.at\/wp-content\/gallery\/michael-kaindelstorfer\/20190305_SEN_0586.jpg\"\n                 style=\"max-height: 380px;\"\/>\n        <\/a>\n\n        <\/div> \n<div id=\"ngg-image-3\" class=\"ngg-gallery-slideshow-image\" style=\"height:400px\">\n\n        <a href=\"http:\/\/www.karate-neuhofen.at\/wp-content\/gallery\/michael-kaindelstorfer\/20190305_SEN_0591.jpg\"\n           title=\"\"\n           data-src=\"http:\/\/www.karate-neuhofen.at\/wp-content\/gallery\/michael-kaindelstorfer\/20190305_SEN_0591.jpg\"\n           data-thumbnail=\"http:\/\/www.karate-neuhofen.at\/wp-content\/gallery\/michael-kaindelstorfer\/thumbs\/thumbs_20190305_SEN_0591.jpg\"\n           data-image-id=\"22807\"\n           data-title=\"Michael Kaindelstorfer\"\n           data-description=\"\"\n           class=\"shutterset_c9cbc082aec6f3149e13d600e2651ee1\">\n\n            <img data-image-id='22807'\n                 title=\"\"\n                 alt=\"Michael Kaindelstorfer\"\n                 src=\"http:\/\/www.karate-neuhofen.at\/wp-content\/gallery\/michael-kaindelstorfer\/20190305_SEN_0591.jpg\"\n                 style=\"max-height: 380px;\"\/>\n        <\/a>\n\n        <\/div> \n<\/div>\n\n\n\t\t<!-- Thumbnails Link -->\n\t<div class=\"slideshowlink\" style=\"max-width: 600px;\">\n        <a href='http:\/\/www.karate-neuhofen.at\/index.php\/nggallery\/thumbnails?page_id=29358'>[Zeige Vorschaubilder]<\/a>\n\t<\/div>\n\n\n<div class=\"\">\n<div class=\"\">\n<div class=\"\">Michael Kaindlstorfer war Teilnehmer des ersten Karate-Anf\u00e4ngerkurses in Neuhofen und trainiert als Mann (mit damals 15 Jahren) der ersten Stunde seit J\u00e4nner 2009 Karate bei Sensei Christian Ramsebner. Er ist Tr\u00e4ger des 3. Dan und gibt sein erlangtes Wissen dem Nachwuchs im Kindertraining weiter.&nbsp;<br class=\"\"\/><br class=\"\"\/><\/div>\n<\/div>\n<\/div>\n<div class=\"\">\n<div class=\"\">\n<div class=\"\">Seine gro\u00dfe Leidenschaft ist Kumite, da hoch-dynamische, athletische und kraftvolle Bewegungsabl\u00e4ufe und Techniken gefragt sind, die den ganzen K\u00f6rper trainieren. Die Begeisterung an Kumite versucht er im Kindertraining an die n\u00e4chste Generation weiterzugeben.<\/div>\n<\/div>\n<\/div>\n","protected":false},"excerpt":{"rendered":"<p>Michael Kaindlstorfer &nbsp; Michael Kaindlstorfer war Teilnehmer des ersten Karate-Anf\u00e4ngerkurses in Neuhofen und trainiert als Mann (mit damals 15 Jahren) der ersten Stunde seit J\u00e4nner 2009 Karate bei Sensei Christian Ramsebner. Er ist Tr\u00e4ger des 3. Dan und gibt sein erlangtes Wissen dem Nachwuchs im Kindertraining weiter.&nbsp; Seine gro\u00dfe Leidenschaft ist Kumite, da hoch-dynamische, athletische [&hellip;]<\/p>\n","protected":false},"author":1,"featured_media":0,"parent":2322,"menu_order":6,"comment_status":"closed","ping_status":"closed","template":"","meta":{"ngg_post_thumbnail":0},"_links":{"self":[{"href":"http:\/\/www.karate-neuhofen.at\/index.php?rest_route=\/wp\/v2\/pages\/29358"}],"collection":[{"href":"http:\/\/www.karate-neuhofen.at\/index.php?rest_route=\/wp\/v2\/pages"}],"about":[{"href":"http:\/\/www.karate-neuhofen.at\/index.php?rest_route=\/wp\/v2\/types\/page"}],"author":[{"embeddable":true,"href":"http:\/\/www.karate-neuhofen.at\/index.php?rest_route=\/wp\/v2\/users\/1"}],"replies":[{"embeddable":true,"href":"http:\/\/www.karate-neuhofen.at\/index.php?rest_route=%2Fwp%2Fv2%2Fcomments&post=29358"}],"version-history":[{"count":7,"href":"http:\/\/www.karate-neuhofen.at\/index.php?rest_route=\/wp\/v2\/pages\/29358\/revisions"}],"predecessor-version":[{"id":1579878,"href":"http:\/\/www.karate-neuhofen.at\/index.php?rest_route=\/wp\/v2\/pages\/29358\/revisions\/1579878"}],"up":[{"embeddable":true,"href":"http:\/\/www.karate-neuhofen.at\/index.php?rest_route=\/wp\/v2\/pages\/2322"}],"wp:attachment":[{"href":"http:\/\/www.karate-neuhofen.at\/index.php?rest_route=%2Fwp%2Fv2%2Fmedia&parent=29358"}],"curies":[{"name":"wp","href":"https:\/\/api.w.org\/{rel}","templated":true}]}}