{"id":471,"date":"2011-12-20T16:16:06","date_gmt":"2011-12-20T15:16:06","guid":{"rendered":"http:\/\/www.karate-neuhofen.at.s04.rz1-linz.net\/?page_id=471"},"modified":"2024-08-22T08:53:50","modified_gmt":"2024-08-22T07:53:50","slug":"christian","status":"publish","type":"page","link":"http:\/\/www.karate-neuhofen.at\/?page_id=471","title":{"rendered":"Christian Ramsebner"},"content":{"rendered":"<h1>Christian Ramsebner<\/h1>\n\n\n<div class=\"ngg-galleryoverview ngg-slideshow\"\n\t id=\"ngg-slideshow-894772055008425fdc2576223de647b9-14348589860\"\n     data-gallery-id=\"894772055008425fdc2576223de647b9\"\n     style=\"max-width: 600px; max-height: 400px;\">\n\n \t<div id=\"ngg-image-0\" class=\"ngg-gallery-slideshow-image\" style=\"height:400px\">\n\n        <a href=\"http:\/\/www.karate-neuhofen.at\/wp-content\/gallery\/christian\/20111209_sen_8031.jpg\"\n           title=\"\"\n           data-src=\"http:\/\/www.karate-neuhofen.at\/wp-content\/gallery\/christian\/20111209_sen_8031.jpg\"\n           data-thumbnail=\"http:\/\/www.karate-neuhofen.at\/wp-content\/gallery\/christian\/thumbs\/thumbs_20111209_sen_8031.jpg\"\n           data-image-id=\"373\"\n           data-title=\"Christian Ramsebner\"\n           data-description=\"\"\n           class=\"shutterset_894772055008425fdc2576223de647b9\">\n\n            <img data-image-id='373'\n                 title=\"\"\n                 alt=\"Christian Ramsebner\"\n                 src=\"http:\/\/www.karate-neuhofen.at\/wp-content\/gallery\/christian\/20111209_sen_8031.jpg\"\n                 style=\"max-height: 380px;\"\/>\n        <\/a>\n\n        <\/div> \n<div id=\"ngg-image-1\" class=\"ngg-gallery-slideshow-image\" style=\"height:400px\">\n\n        <a href=\"http:\/\/www.karate-neuhofen.at\/wp-content\/gallery\/christian\/20111209_sen_8041.jpg\"\n           title=\"\"\n           data-src=\"http:\/\/www.karate-neuhofen.at\/wp-content\/gallery\/christian\/20111209_sen_8041.jpg\"\n           data-thumbnail=\"http:\/\/www.karate-neuhofen.at\/wp-content\/gallery\/christian\/thumbs\/thumbs_20111209_sen_8041.jpg\"\n           data-image-id=\"374\"\n           data-title=\"Christian Ramsebner\"\n           data-description=\"\"\n           class=\"shutterset_894772055008425fdc2576223de647b9\">\n\n            <img data-image-id='374'\n                 title=\"\"\n                 alt=\"Christian Ramsebner\"\n                 src=\"http:\/\/www.karate-neuhofen.at\/wp-content\/gallery\/christian\/20111209_sen_8041.jpg\"\n                 style=\"max-height: 380px;\"\/>\n        <\/a>\n\n        <\/div> \n<div id=\"ngg-image-2\" class=\"ngg-gallery-slideshow-image\" style=\"height:400px\">\n\n        <a href=\"http:\/\/www.karate-neuhofen.at\/wp-content\/gallery\/christian\/20111209_sen_8056.jpg\"\n           title=\"\"\n           data-src=\"http:\/\/www.karate-neuhofen.at\/wp-content\/gallery\/christian\/20111209_sen_8056.jpg\"\n           data-thumbnail=\"http:\/\/www.karate-neuhofen.at\/wp-content\/gallery\/christian\/thumbs\/thumbs_20111209_sen_8056.jpg\"\n           data-image-id=\"375\"\n           data-title=\"Christian Ramsebner\"\n           data-description=\"\"\n           class=\"shutterset_894772055008425fdc2576223de647b9\">\n\n            <img data-image-id='375'\n                 title=\"\"\n                 alt=\"Christian Ramsebner\"\n                 src=\"http:\/\/www.karate-neuhofen.at\/wp-content\/gallery\/christian\/20111209_sen_8056.jpg\"\n                 style=\"max-height: 380px;\"\/>\n        <\/a>\n\n        <\/div> \n<div id=\"ngg-image-3\" class=\"ngg-gallery-slideshow-image\" style=\"height:400px\">\n\n        <a href=\"http:\/\/www.karate-neuhofen.at\/wp-content\/gallery\/christian\/20111209_sen_8106.jpg\"\n           title=\"\"\n           data-src=\"http:\/\/www.karate-neuhofen.at\/wp-content\/gallery\/christian\/20111209_sen_8106.jpg\"\n           data-thumbnail=\"http:\/\/www.karate-neuhofen.at\/wp-content\/gallery\/christian\/thumbs\/thumbs_20111209_sen_8106.jpg\"\n           data-image-id=\"376\"\n           data-title=\"Christian Ramsebner\"\n           data-description=\"\"\n           class=\"shutterset_894772055008425fdc2576223de647b9\">\n\n            <img data-image-id='376'\n                 title=\"\"\n                 alt=\"Christian Ramsebner\"\n                 src=\"http:\/\/www.karate-neuhofen.at\/wp-content\/gallery\/christian\/20111209_sen_8106.jpg\"\n                 style=\"max-height: 380px;\"\/>\n        <\/a>\n\n        <\/div> \n<\/div>\n\n\n\t\t<!-- Thumbnails Link -->\n\t<div class=\"slideshowlink\" style=\"max-width: 600px;\">\n        <a href='http:\/\/www.karate-neuhofen.at\/index.php\/nggallery\/thumbnails?page_id=471'>[Zeige Vorschaubilder]<\/a>\n\t<\/div>\n\n\n<p>Der Idealist Christian Ramsebner , Tr\u00e4ger des 3. Dan, gr\u00fcndete im Jahr 2008 die Sektion ASK\u00d6 Karate Sei Bu Kan Neuhofen. Sein Traum von einem eigenen Karateverein ging durch sein organisatorisches Talent und viel Arbeit in Erf\u00fcllung. Der Verein ist inzwischen auf \u00fcber 220 Mitglieder angewachsen, welchen Christian sein Wissen und K\u00f6nnen rund um Karate weitergibt. Sein Traum vom eigenen Dojo wird aufgrund der st\u00e4ndig wachsenden Mitgliederzahlen schon fast zur Aufgabe und scheint f\u00fcr die Zukunft des Vereines eines der wichtigsten Projekte zu werden.<\/p>\n<p>Einen internationalen Namen machte sich Christian Ramsebner als Initiator des Internationalen Kamikaze Karate-Sommercamp Neuhofen, welches bereits im Gr\u00fcndungsjahr zum ersten Mal stattfand. Seine Intention war es, einen hervorragenden, &nbsp;weltweit erfolgreichen Trainerstab nach Neuhofen zu bringen und damit Karatesportlern, sowohl Profi\u00b4s als auch Amateuren aus ganz Europa, Spitzentrainings anzubieten.<\/p>\n<p>Er ist heute Obmann des ASK\u00d6 Neuhofen, Karate Sektionsleiter, Trainer, ASK\u00d6 Karate Bundesreferent, Vorstandsmitglied beim O\u00d6 Karate Landesverband, Organisator des Kamikaze Karate Sommercamps und Wettkampfausrichter. Von der BSO (Bundessportorganisation) wurde er als \u201eTop Funktion\u00e4r&nbsp; 2014\u201c ausgezeichnet. 2017 wurde ihm das Landes &#8211; Sportehrenzeichen in Bronze als Anerkennung f\u00fcr das langj\u00e4hrige Engagement und die Verdienste im ober\u00f6sterreichischen Sportwesen verliehen.<\/p>\n<p>Durch seine Ausbildung zum diplomierten Bewegungstrainer entstand der neue Vereinszweig \u201eKarate f\u00fcr Menschen mit k\u00f6rperlicher Beeintr\u00e4chtigung\u201c.<\/p>\n","protected":false},"excerpt":{"rendered":"<p>Christian Ramsebner Der Idealist Christian Ramsebner , Tr\u00e4ger des 3. Dan, gr\u00fcndete im Jahr 2008 die Sektion ASK\u00d6 Karate Sei Bu Kan Neuhofen. Sein Traum von einem eigenen Karateverein ging durch sein organisatorisches Talent und viel Arbeit in Erf\u00fcllung. Der Verein ist inzwischen auf \u00fcber 220 Mitglieder angewachsen, welchen Christian sein Wissen und K\u00f6nnen rund [&hellip;]<\/p>\n","protected":false},"author":3,"featured_media":0,"parent":2322,"menu_order":2,"comment_status":"closed","ping_status":"closed","template":"","meta":{"ngg_post_thumbnail":0},"_links":{"self":[{"href":"http:\/\/www.karate-neuhofen.at\/index.php?rest_route=\/wp\/v2\/pages\/471"}],"collection":[{"href":"http:\/\/www.karate-neuhofen.at\/index.php?rest_route=\/wp\/v2\/pages"}],"about":[{"href":"http:\/\/www.karate-neuhofen.at\/index.php?rest_route=\/wp\/v2\/types\/page"}],"author":[{"embeddable":true,"href":"http:\/\/www.karate-neuhofen.at\/index.php?rest_route=\/wp\/v2\/users\/3"}],"replies":[{"embeddable":true,"href":"http:\/\/www.karate-neuhofen.at\/index.php?rest_route=%2Fwp%2Fv2%2Fcomments&post=471"}],"version-history":[{"count":75,"href":"http:\/\/www.karate-neuhofen.at\/index.php?rest_route=\/wp\/v2\/pages\/471\/revisions"}],"predecessor-version":[{"id":1358329,"href":"http:\/\/www.karate-neuhofen.at\/index.php?rest_route=\/wp\/v2\/pages\/471\/revisions\/1358329"}],"up":[{"embeddable":true,"href":"http:\/\/www.karate-neuhofen.at\/index.php?rest_route=\/wp\/v2\/pages\/2322"}],"wp:attachment":[{"href":"http:\/\/www.karate-neuhofen.at\/index.php?rest_route=%2Fwp%2Fv2%2Fmedia&parent=471"}],"curies":[{"name":"wp","href":"https:\/\/api.w.org\/{rel}","templated":true}]}}