{"id":482,"date":"2011-12-20T16:29:45","date_gmt":"2011-12-20T15:29:45","guid":{"rendered":"http:\/\/www.karate-neuhofen.at.s04.rz1-linz.net\/?page_id=482"},"modified":"2015-11-29T21:16:56","modified_gmt":"2015-11-29T20:16:56","slug":"ursula-porkert","status":"publish","type":"page","link":"http:\/\/www.karate-neuhofen.at\/?page_id=482","title":{"rendered":"Ursula Porkert"},"content":{"rendered":"<h1>Mag. Ursula Porkert<\/h1>\n\n\n<div class=\"ngg-galleryoverview ngg-slideshow\"\n\t id=\"ngg-slideshow-262d0c3f81ae3428bfdebc8e17f46f14-17332047630\"\n     data-gallery-id=\"262d0c3f81ae3428bfdebc8e17f46f14\"\n     style=\"max-width: 600px; max-height: 400px;\">\n\n \t<div id=\"ngg-image-0\" class=\"ngg-gallery-slideshow-image\" style=\"height:400px\">\n\n        <a href=\"http:\/\/www.karate-neuhofen.at\/wp-content\/gallery\/ursula\/ursula1.jpg\"\n           title=\"\"\n           data-src=\"http:\/\/www.karate-neuhofen.at\/wp-content\/gallery\/ursula\/ursula1.jpg\"\n           data-thumbnail=\"http:\/\/www.karate-neuhofen.at\/wp-content\/gallery\/ursula\/thumbs\/thumbs_ursula1.jpg\"\n           data-image-id=\"482\"\n           data-title=\"Ursula Porkert\"\n           data-description=\"\"\n           class=\"shutterset_262d0c3f81ae3428bfdebc8e17f46f14\">\n\n            <img data-image-id='482'\n                 title=\"\"\n                 alt=\"Ursula Porkert\"\n                 src=\"http:\/\/www.karate-neuhofen.at\/wp-content\/gallery\/ursula\/ursula1.jpg\"\n                 style=\"max-height: 380px;\"\/>\n        <\/a>\n\n        <\/div> \n<div id=\"ngg-image-1\" class=\"ngg-gallery-slideshow-image\" style=\"height:400px\">\n\n        <a href=\"http:\/\/www.karate-neuhofen.at\/wp-content\/gallery\/ursula\/ursula2.jpg\"\n           title=\"\"\n           data-src=\"http:\/\/www.karate-neuhofen.at\/wp-content\/gallery\/ursula\/ursula2.jpg\"\n           data-thumbnail=\"http:\/\/www.karate-neuhofen.at\/wp-content\/gallery\/ursula\/thumbs\/thumbs_ursula2.jpg\"\n           data-image-id=\"483\"\n           data-title=\"Ursula Porkert\"\n           data-description=\"\"\n           class=\"shutterset_262d0c3f81ae3428bfdebc8e17f46f14\">\n\n            <img data-image-id='483'\n                 title=\"\"\n                 alt=\"Ursula Porkert\"\n                 src=\"http:\/\/www.karate-neuhofen.at\/wp-content\/gallery\/ursula\/ursula2.jpg\"\n                 style=\"max-height: 380px;\"\/>\n        <\/a>\n\n        <\/div> \n<div id=\"ngg-image-2\" class=\"ngg-gallery-slideshow-image\" style=\"height:400px\">\n\n        <a href=\"http:\/\/www.karate-neuhofen.at\/wp-content\/gallery\/ursula\/ursula3.jpg\"\n           title=\"\"\n           data-src=\"http:\/\/www.karate-neuhofen.at\/wp-content\/gallery\/ursula\/ursula3.jpg\"\n           data-thumbnail=\"http:\/\/www.karate-neuhofen.at\/wp-content\/gallery\/ursula\/thumbs\/thumbs_ursula3.jpg\"\n           data-image-id=\"484\"\n           data-title=\"Ursula Porkert\"\n           data-description=\"\"\n           class=\"shutterset_262d0c3f81ae3428bfdebc8e17f46f14\">\n\n            <img data-image-id='484'\n                 title=\"\"\n                 alt=\"Ursula Porkert\"\n                 src=\"http:\/\/www.karate-neuhofen.at\/wp-content\/gallery\/ursula\/ursula3.jpg\"\n                 style=\"max-height: 380px;\"\/>\n        <\/a>\n\n        <\/div> \n<div id=\"ngg-image-3\" class=\"ngg-gallery-slideshow-image\" style=\"height:400px\">\n\n        <a href=\"http:\/\/www.karate-neuhofen.at\/wp-content\/gallery\/ursula\/ursula4.jpg\"\n           title=\"\"\n           data-src=\"http:\/\/www.karate-neuhofen.at\/wp-content\/gallery\/ursula\/ursula4.jpg\"\n           data-thumbnail=\"http:\/\/www.karate-neuhofen.at\/wp-content\/gallery\/ursula\/thumbs\/thumbs_ursula4.jpg\"\n           data-image-id=\"485\"\n           data-title=\"Ursula Porkert\"\n           data-description=\"\"\n           class=\"shutterset_262d0c3f81ae3428bfdebc8e17f46f14\">\n\n            <img data-image-id='485'\n                 title=\"\"\n                 alt=\"Ursula Porkert\"\n                 src=\"http:\/\/www.karate-neuhofen.at\/wp-content\/gallery\/ursula\/ursula4.jpg\"\n                 style=\"max-height: 380px;\"\/>\n        <\/a>\n\n        <\/div> \n<\/div>\n\n\n\t\t<!-- Thumbnails Link -->\n\t<div class=\"slideshowlink\" style=\"max-width: 600px;\">\n        <a href='http:\/\/www.karate-neuhofen.at\/index.php\/nggallery\/thumbnails?page_id=482'>[Zeige Vorschaubilder]<\/a>\n\t<\/div>\n\n\n<p>Ursula Porkert geb. Inzinger (4.Dan) \u00a0ist unser As des Neuhofner Trainerstabes. Ihr Karatetraining begann 1986 und f\u00fchrte sie zu zahlreichen Titeln: 8fache Staatsmeisterin, 8fache Europameisterin und 4fache Welt- und 3fache Vizeweltmeisterin. Daraus resultierend wurde Porkert auch 3x zur O\u00d6. Sportlerin des Jahres gew\u00e4hlt, eine \u00e4u\u00dferst hohe Auszeichnung f\u00fcr einen Karateka. Die spondierte Magistra der Rechtswissenschaften hat neben ihren Erfolgen im Karatesport auch zahlreiche Ausbildungen abgeschlossen, wie staatl. gepr\u00fcfte Lehrwartin in Karate, staatl. gepr\u00fcfte Trainerin in Karate und Dipl. Burn-Out-Prophylaxe Trainerin. Ihren Ausbildungen und ihren sportlichen Erfahrungen entsprechend bringt sie ihr Wissen als Trainerin in der Erwachsenenbildung und in Karatesportvereinen ein. \u00a0Erw\u00e4hnenswert ist ihr \u00a0fr\u00fcheres Engagement an verschiedenen Hilfsprojekten in denen sie bspw. rum\u00e4nischen Stra\u00dfenkindern ehrenamtlich Karateunterricht gab.<\/p>\n<p>In Neuhofen ist Ursula Porkert mit Begeisterung und Freude dabei ihre Sch\u00fclerInnen in Karate, insbesondere in Kata, zu unterrichten. Mit ihrem liebensw\u00fcrdigen und ausgeglichenen Wesen ist sie immer wieder ein Sonnenschein in den Trainings.<\/p>\n<p>&nbsp;<\/p>\n","protected":false},"excerpt":{"rendered":"<p>Mag. Ursula Porkert Ursula Porkert geb. Inzinger (4.Dan) \u00a0ist unser As des Neuhofner Trainerstabes. Ihr Karatetraining begann 1986 und f\u00fchrte sie zu zahlreichen Titeln: 8fache Staatsmeisterin, 8fache Europameisterin und 4fache Welt- und 3fache Vizeweltmeisterin. Daraus resultierend wurde Porkert auch 3x zur O\u00d6. Sportlerin des Jahres gew\u00e4hlt, eine \u00e4u\u00dferst hohe Auszeichnung f\u00fcr einen Karateka. Die spondierte [&hellip;]<\/p>\n","protected":false},"author":3,"featured_media":0,"parent":2322,"menu_order":4,"comment_status":"closed","ping_status":"closed","template":"","meta":{"ngg_post_thumbnail":0},"_links":{"self":[{"href":"http:\/\/www.karate-neuhofen.at\/index.php?rest_route=\/wp\/v2\/pages\/482"}],"collection":[{"href":"http:\/\/www.karate-neuhofen.at\/index.php?rest_route=\/wp\/v2\/pages"}],"about":[{"href":"http:\/\/www.karate-neuhofen.at\/index.php?rest_route=\/wp\/v2\/types\/page"}],"author":[{"embeddable":true,"href":"http:\/\/www.karate-neuhofen.at\/index.php?rest_route=\/wp\/v2\/users\/3"}],"replies":[{"embeddable":true,"href":"http:\/\/www.karate-neuhofen.at\/index.php?rest_route=%2Fwp%2Fv2%2Fcomments&post=482"}],"version-history":[{"count":28,"href":"http:\/\/www.karate-neuhofen.at\/index.php?rest_route=\/wp\/v2\/pages\/482\/revisions"}],"predecessor-version":[{"id":3975,"href":"http:\/\/www.karate-neuhofen.at\/index.php?rest_route=\/wp\/v2\/pages\/482\/revisions\/3975"}],"up":[{"embeddable":true,"href":"http:\/\/www.karate-neuhofen.at\/index.php?rest_route=\/wp\/v2\/pages\/2322"}],"wp:attachment":[{"href":"http:\/\/www.karate-neuhofen.at\/index.php?rest_route=%2Fwp%2Fv2%2Fmedia&parent=482"}],"curies":[{"name":"wp","href":"https:\/\/api.w.org\/{rel}","templated":true}]}}